{"id":23,"date":"2026-02-25T19:27:26","date_gmt":"2026-02-25T19:27:26","guid":{"rendered":"https:\/\/affinitypmo.online\/faq\/"},"modified":"2026-03-06T20:34:24","modified_gmt":"2026-03-06T20:34:24","slug":"preguntas-frecuentes","status":"publish","type":"page","link":"https:\/\/affinitypmo.online\/es\/faq\/","title":{"rendered":"Preguntas frecuentes"},"content":{"rendered":"<div class=\"wp-block-group alignfull is-style-ext-preset--group--natural-1--section has-background-background-color has-background has-global-padding is-layout-constrained wp-container-core-group-is-layout-e955bbaf wp-block-group-is-layout-constrained is-style-ext-preset--group--natural-1--section--1\" id=\"faq\" style=\"margin-top:0;margin-bottom:0;padding-top:var(--wp--preset--spacing--70);padding-bottom:var(--wp--preset--spacing--70)\">\n<h2 class=\"wp-block-heading has-text-align-center\">Preguntas frecuentes (FAQ)<\/h2>\n\n\n\n<div class=\"wp-block-group alignwide has-global-padding is-content-justification-center is-layout-constrained wp-container-core-group-is-layout-8f997a6a wp-block-group-is-layout-constrained\">\n<div class=\"wp-block-group is-style-ext-preset--group--natural-1--item-card-1--align-start ext-animate--on is-layout-flow wp-block-group-is-layout-flow is-style-ext-preset--group--natural-1--item-card-1--align-start--2\">\n<div class=\"wp-block-group is-style-default is-layout-flow wp-block-group-is-layout-flow\">\n<h3 class=\"wp-block-heading\">\u00bfQu\u00e9 es Affinity PMO HUB?<\/h3>\n\n\n\n<p>Affinity PMO HUB es una plataforma privada de supervisi\u00f3n de proyectos dise\u00f1ada para centralizar la visibilidad de los proyectos, el seguimiento de los hitos, la coordinaci\u00f3n del flujo de trabajo, el control de documentos y la presentaci\u00f3n de informes ejecutivos en toda la cartera de AFFINITY.<\/p>\n<\/div>\n<\/div>\n\n\n\n<div class=\"wp-block-group is-style-ext-preset--group--natural-1--item-card-1--align-start ext-animate--on is-layout-flow wp-block-group-is-layout-flow is-style-ext-preset--group--natural-1--item-card-1--align-start--3\">\n<div class=\"wp-block-group is-style-default is-layout-flow wp-block-group-is-layout-flow\">\n<h3 class=\"wp-block-heading\">\u00bfQui\u00e9n puede acceder a la plataforma?<\/h3>\n\n\n\n<p>El acceso est\u00e1 limitado a usuarios autorizados. La plataforma est\u00e1 destinada a equipos internos, jefes de proyecto, consultores, gerentes y otras partes interesadas aprobadas que necesitan visibilidad sobre la informaci\u00f3n de los proyectos asignados o a nivel de cartera.<\/p>\n<\/div>\n<\/div>\n\n\n\n<div class=\"wp-block-group is-style-ext-preset--group--natural-1--item-card-1--align-start ext-animate--on is-layout-flow wp-block-group-is-layout-flow is-style-ext-preset--group--natural-1--item-card-1--align-start--4\">\n<div class=\"wp-block-group is-style-default is-layout-flow wp-block-group-is-layout-flow\">\n<h3 class=\"wp-block-heading\">\u00bfQu\u00e9 tipos de proyectos se incluyen en la plataforma?<\/h3>\n\n\n\n<p>La plataforma da soporte a una amplia gama de proyectos, incluyendo iniciativas financiadas con fondos federales, recuperaci\u00f3n ante desastres, mitigaci\u00f3n, infraestructura, vivienda, transporte, medio ambiente, banda ancha, seguridad y esfuerzos de modernizaci\u00f3n estrat\u00e9gica.<\/p>\n<\/div>\n<\/div>\n\n\n\n<div class=\"wp-block-group is-style-ext-preset--group--natural-1--item-card-1--align-start ext-animate--on is-layout-flow wp-block-group-is-layout-flow is-style-ext-preset--group--natural-1--item-card-1--align-start--5\">\n<div class=\"wp-block-group is-style-default is-layout-flow wp-block-group-is-layout-flow\">\n<h3 class=\"wp-block-heading\">\u00bfCu\u00e1l es el objetivo principal del sitio?<\/h3>\n\n\n\n<p>Su objetivo principal es proporcionar un entorno centralizado en el que los usuarios puedan supervisar el avance de los proyectos, revisar los hitos, acceder a informaci\u00f3n de apoyo y analizar el rendimiento de m\u00faltiples proyectos de una manera m\u00e1s organizada y eficiente.<\/p>\n<\/div>\n\n\n\n<div class=\"wp-block-group is-style-default is-layout-flow wp-block-group-is-layout-flow\">\n<h3 class=\"wp-block-heading\">\u00bfC\u00f3mo ayuda la plataforma a los equipos de proyecto?<\/h3>\n\n\n\n<p>La plataforma ayuda a los equipos a mejorar la coordinaci\u00f3n, la visibilidad, la responsabilidad y el seguimiento al consolidar las tareas, los hitos, la documentaci\u00f3n y los informes en un \u00fanico entorno conectado.<\/p>\n<\/div>\n\n\n\n<div class=\"wp-block-group is-style-default is-layout-flow wp-block-group-is-layout-flow\">\n<h3 class=\"wp-block-heading\">\u00bfDe d\u00f3nde provienen los datos del proyecto?<\/h3>\n\n\n\n<p>Los datos del proyecto se obtienen de las entradas de Planner, se estructuran en listas de SharePoint, se procesan mediante flujos de trabajo de Power Automate y se presentan a trav\u00e9s de paneles de Power BI y herramientas de an\u00e1lisis.<\/p>\n<\/div>\n\n\n\n<div class=\"wp-block-group is-style-default is-layout-flow wp-block-group-is-layout-flow\">\n<h3 class=\"wp-block-heading\">\u00bfPueden los usuarios realizar un seguimiento de los hitos y los plazos?<\/h3>\n\n\n\n<p>S\u00ed. Los usuarios autorizados pueden supervisar los hitos del proyecto, el progreso de las tareas, las acciones pendientes, las fechas de finalizaci\u00f3n previstas y otros indicadores clave necesarios para garantizar la ejecuci\u00f3n oportuna.<\/p>\n<\/div>\n\n\n\n<div class=\"wp-block-group is-style-default is-layout-flow wp-block-group-is-layout-flow\">\n<h3 class=\"wp-block-heading\">\u00bfLa plataforma incluye gesti\u00f3n de documentos?<\/h3>\n\n\n\n<p>S\u00ed. La plataforma est\u00e1 dise\u00f1ada para facilitar la gesti\u00f3n organizada de documentos mediante la conexi\u00f3n de los registros de proyectos y los datos operativos en un entorno estructurado y rastreable.<\/p>\n<\/div>\n\n\n\n<div class=\"wp-block-group is-style-default is-layout-flow wp-block-group-is-layout-flow\">\n<h3 class=\"wp-block-heading\">\u00bfEl sitio ofrece paneles de control y an\u00e1lisis?<\/h3>\n\n\n\n<p>S\u00ed. Affinity PMO HUB incorpora funciones de generaci\u00f3n de informes y an\u00e1lisis que ayudan a los equipos de liderazgo y de proyectos a revisar tendencias, supervisar el rendimiento, identificar riesgos y respaldar la toma de decisiones informadas.<\/p>\n<\/div>\n\n\n\n<div class=\"wp-block-group is-style-default is-layout-flow wp-block-group-is-layout-flow\">\n<h3 class=\"wp-block-heading\">\u00bfEl sitio es p\u00fablico?<\/h3>\n\n\n\n<p>No. Este es un sitio privado destinado al acceso controlado \u00fanicamente por usuarios autorizados.<\/p>\n<\/div>\n\n\n\n<div class=\"wp-block-group is-style-default is-layout-flow wp-block-group-is-layout-flow\">\n<h3 class=\"wp-block-heading\">\u00bfC\u00f3mo mejora la plataforma la supervisi\u00f3n ejecutiva?<\/h3>\n\n\n\n<p>Al consolidar la informaci\u00f3n de los proyectos en un solo lugar, la plataforma permite a los directivos revisar el progreso de toda la cartera, comparar el estado de las distintas iniciativas, identificar los cuellos de botella y tomar mejores decisiones estrat\u00e9gicas.<\/p>\n<\/div>\n<\/div>\n<\/div>\n<\/div>\n\n\n\n<div class=\"wp-block-group alignfull is-style-ext-preset--group--natural-1--section has-tertiary-background-color has-background has-global-padding is-layout-constrained wp-container-core-group-is-layout-e955bbaf wp-block-group-is-layout-constrained is-style-ext-preset--group--natural-1--section--6\" id=\"events\" style=\"margin-top:0;margin-bottom:0;padding-top:var(--wp--preset--spacing--70);padding-bottom:var(--wp--preset--spacing--70)\">\n<div class=\"wp-block-group alignwide ext-is-logical-start has-global-padding is-content-justification-left is-layout-constrained wp-container-core-group-is-layout-20186816 wp-block-group-is-layout-constrained\">\n<h2 class=\"wp-block-heading ext-animate--on\">Herramientas optimizadas para la gesti\u00f3n de proyectos<\/h2>\n\n\n\n<p class=\"ext-animate--on\">Acceda a un conjunto integrado de herramientas dise\u00f1adas para simplificar la coordinaci\u00f3n de proyectos, mejorar la visibilidad y respaldar una ejecuci\u00f3n m\u00e1s eficiente en toda la cartera de AFFINITY. Al conectar las entradas operativas, la automatizaci\u00f3n del flujo de trabajo, los registros centralizados y los an\u00e1lisis, Affinity PMO HUB ayuda a los equipos a gestionar los proyectos con mayor coherencia, responsabilidad y control.<\/p>\n<\/div>\n\n\n\n<div class=\"wp-block-columns alignwide is-layout-flex wp-container-core-columns-is-layout-08c01c1c wp-block-columns-is-layout-flex\">\n<div class=\"wp-block-column is-vertically-aligned-stretch ext-animate--on is-layout-flow wp-block-column-is-layout-flow\">\n<div class=\"wp-block-group is-style-ext-preset--group--natural-1--item-card-1--align-start has-global-padding is-layout-constrained wp-block-group-is-layout-constrained is-style-ext-preset--group--natural-1--item-card-1--align-start--7\">\n<div class=\"wp-block-group is-style-default has-global-padding is-layout-constrained wp-block-group-is-layout-constrained\">\n<h3 class=\"wp-block-heading\">Seguimiento de tareas e hitos<\/h3>\n\n\n\n<p>Supervise las tareas activas, los hitos clave, los plazos y las fechas de finalizaci\u00f3n previstas en un entorno estructurado que favorezca un seguimiento oportuno y una mayor disciplina en los proyectos.<\/p>\n<\/div>\n\n\n\n<div class=\"wp-block-group is-style-default has-global-padding is-layout-constrained wp-block-group-is-layout-constrained\">\n<h3 class=\"wp-block-heading\">Informes y an\u00e1lisis<\/h3>\n\n\n\n<p>Convierta la actividad del proyecto en paneles de control significativos, informaci\u00f3n sobre el rendimiento e informes de nivel ejecutivo que respalden la toma de decisiones informadas y la supervisi\u00f3n de la cartera.<\/p>\n<\/div>\n<\/div>\n<\/div>\n\n\n\n<div class=\"wp-block-column is-vertically-aligned-stretch ext-animate--on is-layout-flow wp-block-column-is-layout-flow\">\n<div class=\"wp-block-group is-style-ext-preset--group--natural-1--item-card-1--align-start has-global-padding is-layout-constrained wp-block-group-is-layout-constrained is-style-ext-preset--group--natural-1--item-card-1--align-start--8\">\n<div class=\"wp-block-group is-style-default has-global-padding is-layout-constrained wp-block-group-is-layout-constrained\">\n<h3 class=\"wp-block-heading\">Automatizaci\u00f3n del flujo de trabajo<\/h3>\n\n\n\n<p>Reduzca el esfuerzo manual y mejore la coherencia mediante procesos automatizados que conectan las actualizaciones de proyectos, los cambios de estado, las notificaciones y el movimiento de datos entre las principales herramientas de gesti\u00f3n.<\/p>\n<\/div>\n\n\n\n<div class=\"wp-block-group is-style-default has-global-padding is-layout-constrained wp-block-group-is-layout-constrained\">\n<h3 class=\"wp-block-heading\">Colaboraci\u00f3n y supervisi\u00f3n<\/h3>\n\n\n\n<p>Mejora la coordinaci\u00f3n entre los gerentes de proyecto, los l\u00edderes y las partes interesadas proporcionando un espacio compartido para la visibilidad, la rendici\u00f3n de cuentas y el seguimiento del progreso.<\/p>\n<\/div>\n<\/div>\n<\/div>\n\n\n\n<div class=\"wp-block-column is-vertically-aligned-stretch ext-animate--on is-layout-flow wp-block-column-is-layout-flow\">\n<div class=\"wp-block-group is-style-ext-preset--group--natural-1--item-card-1--align-start has-global-padding is-layout-constrained wp-block-group-is-layout-constrained is-style-ext-preset--group--natural-1--item-card-1--align-start--9\">\n<div class=\"wp-block-group is-style-default has-global-padding is-layout-constrained wp-block-group-is-layout-constrained\">\n<h3 class=\"wp-block-heading\">Gesti\u00f3n centralizada de datos<\/h3>\n\n\n\n<p>Organice la informaci\u00f3n del proyecto en un entorno conectado donde los equipos puedan acceder a los registros, supervisar las actualizaciones y mantener una mejor trazabilidad de todas las actividades del proyecto.<\/p>\n<\/div>\n<\/div>\n<\/div>\n<\/div>\n<\/div>\n\n\n\n<div class=\"wp-block-group alignfull is-style-ext-preset--group--natural-1--section has-background-background-color has-background has-global-padding is-layout-constrained wp-container-core-group-is-layout-e955bbaf wp-block-group-is-layout-constrained is-style-ext-preset--group--natural-1--section--10\" id=\"resources\" style=\"margin-top:0;margin-bottom:0;padding-top:var(--wp--preset--spacing--70);padding-bottom:var(--wp--preset--spacing--70)\">\n<h2 class=\"wp-block-heading has-text-align-center ext-animate--on\">Herramientas s\u00f3lidas de cumplimiento normativo para proyectos financiados con fondos federales<\/h2>\n\n\n\n<p class=\"has-text-align-center ext-animate--on\" style=\"margin-top:1.5rem\">Affinity PMO HUB da soporte a carteras de proyectos complejos con cumplimiento normativo estructurado, documentaci\u00f3n, trazabilidad del flujo de trabajo y presentaci\u00f3n de informes ejecutivos en programas federales y financiados con fondos de recuperaci\u00f3n.<\/p>\n\n\n\n<div class=\"wp-block-columns alignwide is-layout-flex wp-container-core-columns-is-layout-08c01c1c wp-block-columns-is-layout-flex\">\n<div class=\"wp-block-column is-vertically-aligned-stretch ext-animate--on is-layout-flow wp-container-core-column-is-layout-f5bb311e wp-block-column-is-layout-flow\">\n<div class=\"wp-block-group is-style-ext-preset--group--natural-1--item-card-1--align-center has-global-padding is-layout-constrained wp-block-group-is-layout-constrained is-style-ext-preset--group--natural-1--item-card-1--align-center--11\">\n<figure class=\"wp-block-image aligncenter size-large ext-aspect-landscape\"><img loading=\"lazy\" decoding=\"async\" width=\"1440\" height=\"960\" src=\"https:\/\/affinitypmo.online\/wp-content\/uploads\/2026\/02\/e8a41b395ee40bdc6a2117b74e11a89c5706e9b2.jpg\" alt=\"\" class=\"wp-image-63\" style=\"aspect-ratio:4\/3;object-fit:cover\" srcset=\"https:\/\/affinitypmo.online\/wp-content\/uploads\/2026\/02\/e8a41b395ee40bdc6a2117b74e11a89c5706e9b2.jpg 1440w, https:\/\/affinitypmo.online\/wp-content\/uploads\/2026\/02\/e8a41b395ee40bdc6a2117b74e11a89c5706e9b2-300x200.jpg 300w, https:\/\/affinitypmo.online\/wp-content\/uploads\/2026\/02\/e8a41b395ee40bdc6a2117b74e11a89c5706e9b2-1024x683.jpg 1024w, https:\/\/affinitypmo.online\/wp-content\/uploads\/2026\/02\/e8a41b395ee40bdc6a2117b74e11a89c5706e9b2-768x512.jpg 768w, https:\/\/affinitypmo.online\/wp-content\/uploads\/2026\/02\/e8a41b395ee40bdc6a2117b74e11a89c5706e9b2-18x12.jpg 18w\" sizes=\"auto, (max-width: 1440px) 100vw, 1440px\" \/><\/figure>\n\n\n\n<div class=\"wp-block-group is-style-default has-global-padding is-layout-constrained wp-block-group-is-layout-constrained\">\n<h3 class=\"wp-block-heading has-text-align-center\">Marco de cumplimiento de programas federales<\/h3>\n\n\n\n<p class=\"has-text-align-center\">Gestione la supervisi\u00f3n de proyectos con herramientas dise\u00f1adas para facilitar el cumplimiento normativo, la preparaci\u00f3n de la documentaci\u00f3n y los controles espec\u00edficos de las subvenciones en programas de recuperaci\u00f3n ante desastres, mitigaci\u00f3n, infraestructura, transporte, banda ancha, medio ambiente y resiliencia. Esto incluye el apoyo a programas como <strong>CDBG-DR<\/strong>, <strong>CDBG-MIT<\/strong>, <strong>FEMA \/ COR3<\/strong>, <strong>TLC<\/strong>, <strong>MARAD<\/strong>, <strong>EPA<\/strong>, <strong>Banda ancha de la NTIA<\/strong>, as\u00ed como iniciativas relacionadas con la reconstrucci\u00f3n y la transformaci\u00f3n.<\/p>\n\n\n\n<p class=\"has-text-align-center\"><\/p>\n\n\n\n<div class=\"wp-block-buttons is-content-justification-center is-layout-flex wp-container-core-buttons-is-layout-a89b3969 wp-block-buttons-is-layout-flex\">\n<div class=\"wp-block-button is-style-ext-preset--button--natural-1--button-1 is-style-ext-preset--button--natural-1--button-1--12\"><a class=\"wp-block-button__link wp-element-button\" href=\"https:\/\/affinitypmo.online\/es\/recursos\/\">M\u00e1s informaci\u00f3n<\/a><\/div>\n<\/div>\n<\/div>\n<\/div>\n<\/div>\n\n\n\n<div class=\"wp-block-column is-vertically-aligned-stretch ext-animate--on is-layout-flow wp-container-core-column-is-layout-f5bb311e wp-block-column-is-layout-flow\">\n<div class=\"wp-block-group is-style-ext-preset--group--natural-1--item-card-1--align-center has-global-padding is-layout-constrained wp-block-group-is-layout-constrained is-style-ext-preset--group--natural-1--item-card-1--align-center--13\">\n<figure class=\"wp-block-image aligncenter size-large ext-aspect-landscape\"><img loading=\"lazy\" decoding=\"async\" width=\"1440\" height=\"960\" src=\"https:\/\/affinitypmo.online\/wp-content\/uploads\/2026\/02\/d9549857c7b595d16e8432352b72790e467a4c15.jpg\" alt=\"\" class=\"wp-image-56\" style=\"aspect-ratio:4\/3;object-fit:cover\" srcset=\"https:\/\/affinitypmo.online\/wp-content\/uploads\/2026\/02\/d9549857c7b595d16e8432352b72790e467a4c15.jpg 1440w, https:\/\/affinitypmo.online\/wp-content\/uploads\/2026\/02\/d9549857c7b595d16e8432352b72790e467a4c15-300x200.jpg 300w, https:\/\/affinitypmo.online\/wp-content\/uploads\/2026\/02\/d9549857c7b595d16e8432352b72790e467a4c15-1024x683.jpg 1024w, https:\/\/affinitypmo.online\/wp-content\/uploads\/2026\/02\/d9549857c7b595d16e8432352b72790e467a4c15-768x512.jpg 768w, https:\/\/affinitypmo.online\/wp-content\/uploads\/2026\/02\/d9549857c7b595d16e8432352b72790e467a4c15-18x12.jpg 18w\" sizes=\"auto, (max-width: 1440px) 100vw, 1440px\" \/><\/figure>\n\n\n\n<div class=\"wp-block-group is-style-default has-global-padding is-layout-constrained wp-block-group-is-layout-constrained\">\n<h3 class=\"wp-block-heading has-text-align-center\">Documentaci\u00f3n, flujo de trabajo y trazabilidad de la financiaci\u00f3n<\/h3>\n\n\n\n<p class=\"has-text-align-center\">Refuerce la responsabilidad mediante registros centralizados, seguimiento de hitos, automatizaci\u00f3n del flujo de trabajo y gesti\u00f3n estructurada de pruebas. Affinity PMO HUB ayuda a los equipos a organizar los archivos de los proyectos, supervisar los entregables, realizar un seguimiento de las actividades de reembolso y mantener una visi\u00f3n m\u00e1s clara desde las entradas operativas hasta los resultados de los informes.<\/p>\n\n\n\n<div class=\"wp-block-buttons is-content-justification-center is-layout-flex wp-container-core-buttons-is-layout-a89b3969 wp-block-buttons-is-layout-flex\">\n<div class=\"wp-block-button is-style-ext-preset--button--natural-1--button-1 is-style-ext-preset--button--natural-1--button-1--14\"><a class=\"wp-block-button__link wp-element-button\" href=\"https:\/\/affinitypmo.online\/es\/recursos\/\">M\u00e1s informaci\u00f3n<\/a><\/div>\n<\/div>\n<\/div>\n<\/div>\n<\/div>\n\n\n\n<div class=\"wp-block-column is-vertically-aligned-stretch ext-animate--on is-layout-flow wp-container-core-column-is-layout-f5bb311e wp-block-column-is-layout-flow\">\n<div class=\"wp-block-group is-style-ext-preset--group--natural-1--item-card-1--align-center has-global-padding is-layout-constrained wp-block-group-is-layout-constrained is-style-ext-preset--group--natural-1--item-card-1--align-center--15\">\n<figure class=\"wp-block-image aligncenter size-large ext-aspect-landscape\"><img loading=\"lazy\" decoding=\"async\" width=\"1440\" height=\"960\" src=\"https:\/\/affinitypmo.online\/wp-content\/uploads\/2026\/02\/a0d0e6f697d8573c82ff27d71f8c6877d746183a.jpg\" alt=\"\" class=\"wp-image-57\" style=\"aspect-ratio:4\/3;object-fit:cover\" srcset=\"https:\/\/affinitypmo.online\/wp-content\/uploads\/2026\/02\/a0d0e6f697d8573c82ff27d71f8c6877d746183a.jpg 1440w, https:\/\/affinitypmo.online\/wp-content\/uploads\/2026\/02\/a0d0e6f697d8573c82ff27d71f8c6877d746183a-300x200.jpg 300w, https:\/\/affinitypmo.online\/wp-content\/uploads\/2026\/02\/a0d0e6f697d8573c82ff27d71f8c6877d746183a-1024x683.jpg 1024w, https:\/\/affinitypmo.online\/wp-content\/uploads\/2026\/02\/a0d0e6f697d8573c82ff27d71f8c6877d746183a-768x512.jpg 768w, https:\/\/affinitypmo.online\/wp-content\/uploads\/2026\/02\/a0d0e6f697d8573c82ff27d71f8c6877d746183a-18x12.jpg 18w\" sizes=\"auto, (max-width: 1440px) 100vw, 1440px\" \/><\/figure>\n\n\n\n<div class=\"wp-block-group is-style-default has-global-padding is-layout-constrained wp-block-group-is-layout-constrained\">\n<h3 class=\"wp-block-heading has-text-align-center\">Informes ejecutivos y garant\u00eda<\/h3>\n\n\n\n<p class=\"has-text-align-center\">Proporcione a los directivos una visi\u00f3n m\u00e1s clara del rendimiento de los proyectos, el estado de cumplimiento, el progreso de la financiaci\u00f3n y el riesgo operativo. Al consolidar los datos en paneles de control e informes a nivel de cartera, la plataforma facilita la toma de decisiones informadas en proyectos financiados con fondos federales y de importancia estrat\u00e9gica.<\/p>\n\n\n\n<div class=\"wp-block-buttons is-content-justification-center is-layout-flex wp-container-core-buttons-is-layout-a89b3969 wp-block-buttons-is-layout-flex\">\n<div class=\"wp-block-button is-style-ext-preset--button--natural-1--button-1 is-style-ext-preset--button--natural-1--button-1--16\"><a class=\"wp-block-button__link wp-element-button\" href=\"https:\/\/affinitypmo.online\/es\/recursos\/\">M\u00e1s informaci\u00f3n<\/a><\/div>\n<\/div>\n<\/div>\n<\/div>\n<\/div>\n<\/div>\n<\/div>","protected":false},"excerpt":{"rendered":"<p>Frequently Asked Questions (FAQ) What is Affinity PMO HUB? Affinity PMO HUB is a private project oversight platform designed to centralize project visibility, milestone tracking, workflow coordination, document control, and executive reporting across the AFFINITY portfolio. Who can access the platform? Access is limited to authorized users. The platform is intended for internal teams, project [&hellip;]<\/p>\n","protected":false},"author":1,"featured_media":0,"parent":0,"menu_order":0,"comment_status":"closed","ping_status":"closed","template":"page-with-title","meta":{"footnotes":""},"class_list":["post-23","page","type-page","status-publish","hentry"],"_links":{"self":[{"href":"https:\/\/affinitypmo.online\/es\/wp-json\/wp\/v2\/pages\/23","targetHints":{"allow":["GET"]}}],"collection":[{"href":"https:\/\/affinitypmo.online\/es\/wp-json\/wp\/v2\/pages"}],"about":[{"href":"https:\/\/affinitypmo.online\/es\/wp-json\/wp\/v2\/types\/page"}],"author":[{"embeddable":true,"href":"https:\/\/affinitypmo.online\/es\/wp-json\/wp\/v2\/users\/1"}],"replies":[{"embeddable":true,"href":"https:\/\/affinitypmo.online\/es\/wp-json\/wp\/v2\/comments?post=23"}],"version-history":[{"count":61,"href":"https:\/\/affinitypmo.online\/es\/wp-json\/wp\/v2\/pages\/23\/revisions"}],"predecessor-version":[{"id":216,"href":"https:\/\/affinitypmo.online\/es\/wp-json\/wp\/v2\/pages\/23\/revisions\/216"}],"wp:attachment":[{"href":"https:\/\/affinitypmo.online\/es\/wp-json\/wp\/v2\/media?parent=23"}],"curies":[{"name":"wp","href":"https:\/\/api.w.org\/{rel}","templated":true}]}}