{"id":22,"date":"2026-02-25T19:27:25","date_gmt":"2026-02-25T19:27:25","guid":{"rendered":"https:\/\/affinitypmo.online\/about\/"},"modified":"2026-03-06T19:50:42","modified_gmt":"2026-03-06T19:50:42","slug":"acerca-de","status":"publish","type":"page","link":"https:\/\/affinitypmo.online\/es\/about\/","title":{"rendered":"Acerca de"},"content":{"rendered":"<div class=\"wp-block-group alignfull is-style-ext-preset--group--natural-1--section has-background-background-color has-background has-global-padding is-layout-constrained wp-container-core-group-is-layout-6714b1d7 wp-block-group-is-layout-constrained is-style-ext-preset--group--natural-1--section--1\" id=\"about\" style=\"margin-top:0;margin-bottom:0;padding-top:var(--wp--preset--spacing--70);padding-bottom:var(--wp--preset--spacing--70)\">\n<h2 class=\"wp-block-heading has-text-align-center ext-animate--on\">AFFINITY_PMO_HUB<\/h2>\n\n\n\n<p class=\"has-text-align-center ext-animate--on\" style=\"margin-top:1.5rem\">Sitio privado para ver la cartera completa de proyectos AFFINITY en un solo lugar. Los datos provienen de entradas de Planner, se transfieren a listas de SharePoint, se procesan a trav\u00e9s de Power Automate y se presentan como an\u00e1lisis en Power BI.<\/p>\n\n\n\n<div class=\"wp-block-columns alignwide is-layout-flex wp-container-core-columns-is-layout-28f84493 wp-block-columns-is-layout-flex\">\n<div class=\"wp-block-column ext-animate--on is-layout-flow wp-block-column-is-layout-flow\">\n<figure class=\"wp-block-image is-style-ext-preset-image-natural-1-image-1--content-bottom is-style-ext-preset--image--natural-1--image-1--content-bottom is-style-ext-preset--image--natural-1--image-1--content-bottom--2\"><img loading=\"lazy\" decoding=\"async\" width=\"1440\" height=\"962\" src=\"https:\/\/affinitypmo.online\/wp-content\/uploads\/2026\/02\/2e30282a0fb7697f9d4a98276bae53e152d7e2b3.jpg\" alt=\"\" class=\"wp-image-55\" style=\"aspect-ratio:3\/4;object-fit:cover\" srcset=\"https:\/\/affinitypmo.online\/wp-content\/uploads\/2026\/02\/2e30282a0fb7697f9d4a98276bae53e152d7e2b3.jpg 1440w, https:\/\/affinitypmo.online\/wp-content\/uploads\/2026\/02\/2e30282a0fb7697f9d4a98276bae53e152d7e2b3-300x200.jpg 300w, https:\/\/affinitypmo.online\/wp-content\/uploads\/2026\/02\/2e30282a0fb7697f9d4a98276bae53e152d7e2b3-1024x684.jpg 1024w, https:\/\/affinitypmo.online\/wp-content\/uploads\/2026\/02\/2e30282a0fb7697f9d4a98276bae53e152d7e2b3-768x513.jpg 768w, https:\/\/affinitypmo.online\/wp-content\/uploads\/2026\/02\/2e30282a0fb7697f9d4a98276bae53e152d7e2b3-18x12.jpg 18w\" sizes=\"auto, (max-width: 1440px) 100vw, 1440px\" \/><\/figure>\n<\/div>\n\n\n\n<div class=\"wp-block-column ext-animate--on is-layout-flow wp-block-column-is-layout-flow\">\n<figure class=\"wp-block-image is-style-ext-preset-image-natural-1-image-1--content-bottom is-style-ext-preset--image--natural-1--image-1--content-bottom is-style-ext-preset--image--natural-1--image-1--content-bottom--3\"><img loading=\"lazy\" decoding=\"async\" width=\"1440\" height=\"960\" src=\"https:\/\/affinitypmo.online\/wp-content\/uploads\/2026\/02\/d9549857c7b595d16e8432352b72790e467a4c15.jpg\" alt=\"\" class=\"wp-image-56\" style=\"aspect-ratio:3\/4;object-fit:cover\" srcset=\"https:\/\/affinitypmo.online\/wp-content\/uploads\/2026\/02\/d9549857c7b595d16e8432352b72790e467a4c15.jpg 1440w, https:\/\/affinitypmo.online\/wp-content\/uploads\/2026\/02\/d9549857c7b595d16e8432352b72790e467a4c15-300x200.jpg 300w, https:\/\/affinitypmo.online\/wp-content\/uploads\/2026\/02\/d9549857c7b595d16e8432352b72790e467a4c15-1024x683.jpg 1024w, https:\/\/affinitypmo.online\/wp-content\/uploads\/2026\/02\/d9549857c7b595d16e8432352b72790e467a4c15-768x512.jpg 768w, https:\/\/affinitypmo.online\/wp-content\/uploads\/2026\/02\/d9549857c7b595d16e8432352b72790e467a4c15-18x12.jpg 18w\" sizes=\"auto, (max-width: 1440px) 100vw, 1440px\" \/><\/figure>\n<\/div>\n\n\n\n<div class=\"wp-block-column ext-animate--on is-layout-flow wp-block-column-is-layout-flow\">\n<figure class=\"wp-block-image is-style-ext-preset-image-natural-1-image-1--content-bottom is-style-ext-preset--image--natural-1--image-1--content-bottom is-style-ext-preset--image--natural-1--image-1--content-bottom--4\"><img loading=\"lazy\" decoding=\"async\" width=\"1440\" height=\"960\" src=\"https:\/\/affinitypmo.online\/wp-content\/uploads\/2026\/02\/a0d0e6f697d8573c82ff27d71f8c6877d746183a.jpg\" alt=\"\" class=\"wp-image-57\" style=\"aspect-ratio:3\/4;object-fit:cover\" srcset=\"https:\/\/affinitypmo.online\/wp-content\/uploads\/2026\/02\/a0d0e6f697d8573c82ff27d71f8c6877d746183a.jpg 1440w, https:\/\/affinitypmo.online\/wp-content\/uploads\/2026\/02\/a0d0e6f697d8573c82ff27d71f8c6877d746183a-300x200.jpg 300w, https:\/\/affinitypmo.online\/wp-content\/uploads\/2026\/02\/a0d0e6f697d8573c82ff27d71f8c6877d746183a-1024x683.jpg 1024w, https:\/\/affinitypmo.online\/wp-content\/uploads\/2026\/02\/a0d0e6f697d8573c82ff27d71f8c6877d746183a-768x512.jpg 768w, https:\/\/affinitypmo.online\/wp-content\/uploads\/2026\/02\/a0d0e6f697d8573c82ff27d71f8c6877d746183a-18x12.jpg 18w\" sizes=\"auto, (max-width: 1440px) 100vw, 1440px\" \/><\/figure>\n<\/div>\n<\/div>\n<\/div>\n\n\n\n<div class=\"wp-block-group alignfull is-style-ext-preset--group--natural-1--section has-tertiary-background-color has-background has-global-padding is-layout-constrained wp-container-core-group-is-layout-e955bbaf wp-block-group-is-layout-constrained is-style-ext-preset--group--natural-1--section--5\" id=\"features\" style=\"margin-top:0;margin-bottom:0;padding-top:var(--wp--preset--spacing--70);padding-bottom:var(--wp--preset--spacing--70)\">\n<div class=\"wp-block-group alignwide ext-is-logical-start has-global-padding is-content-justification-left is-layout-constrained wp-container-core-group-is-layout-6729bdbe wp-block-group-is-layout-constrained\">\n<h2 class=\"wp-block-heading ext-animate--on\">Supervisi\u00f3n centralizada de la cartera de proyectos<\/h2>\n\n\n\n<p class=\"has-text-align-left ext-animate--on\">Obtenga una visi\u00f3n completa de los proyectos AFFINITY en un entorno privado dise\u00f1ado para mejorar la visibilidad, la coordinaci\u00f3n y la toma de decisiones ejecutivas. <\/p>\n\n\n\n<p class=\"has-text-align-left ext-animate--on\">El Affinity PMO HUB centraliza los datos de los proyectos de Planner, SharePoint, Power Automate y Power BI para proporcionar un espacio conectado en el que realizar un seguimiento de los hitos, supervisar el estado de las tareas, organizar la documentaci\u00f3n de apoyo y revisar el rendimiento de toda la cartera.<\/p>\n<\/div>\n\n\n\n<div class=\"wp-block-columns alignwide ext-animate--on is-layout-flex wp-container-core-columns-is-layout-174606dc wp-block-columns-is-layout-flex\">\n<div class=\"wp-block-column is-vertically-aligned-stretch ext-animate--on is-layout-flow wp-container-core-column-is-layout-119bc444 wp-block-column-is-layout-flow\">\n<div class=\"wp-block-cover is-style-ext-preset--image--natural-1--image-1--content-right is-style-ext-preset--image--natural-1--image-1--content-right--6\" style=\"padding-top:0;padding-bottom:0;min-height:100%;aspect-ratio:unset;\"><img loading=\"lazy\" decoding=\"async\" width=\"1440\" height=\"954\" class=\"wp-block-cover__image-background wp-image-58\" alt=\"\" src=\"https:\/\/affinitypmo.online\/wp-content\/uploads\/2026\/02\/16365579c02cd3eeda3079d14d4e247d11ec669a.jpg\" data-object-fit=\"cover\" srcset=\"https:\/\/affinitypmo.online\/wp-content\/uploads\/2026\/02\/16365579c02cd3eeda3079d14d4e247d11ec669a.jpg 1440w, https:\/\/affinitypmo.online\/wp-content\/uploads\/2026\/02\/16365579c02cd3eeda3079d14d4e247d11ec669a-300x199.jpg 300w, https:\/\/affinitypmo.online\/wp-content\/uploads\/2026\/02\/16365579c02cd3eeda3079d14d4e247d11ec669a-1024x678.jpg 1024w, https:\/\/affinitypmo.online\/wp-content\/uploads\/2026\/02\/16365579c02cd3eeda3079d14d4e247d11ec669a-768x509.jpg 768w, https:\/\/affinitypmo.online\/wp-content\/uploads\/2026\/02\/16365579c02cd3eeda3079d14d4e247d11ec669a-18x12.jpg 18w\" sizes=\"auto, (max-width: 1440px) 100vw, 1440px\" \/><span aria-hidden=\"true\" class=\"wp-block-cover__background has-background-dim-0 has-background-dim\"><\/span><div class=\"wp-block-cover__inner-container is-layout-flow wp-block-cover-is-layout-flow\">\n<div style=\"height:240px\" aria-hidden=\"true\" class=\"wp-block-spacer\"><\/div>\n<\/div><\/div>\n<\/div>\n\n\n\n<div class=\"wp-block-column is-vertically-aligned-center is-layout-flow wp-block-column-is-layout-flow\">\n<div class=\"wp-block-group is-style-ext-preset--group--natural-1--item-card-1--align-start has-global-padding is-layout-constrained wp-block-group-is-layout-constrained is-style-ext-preset--group--natural-1--item-card-1--align-start--7\">\n<div class=\"wp-block-group is-style-default has-global-padding is-layout-constrained wp-block-group-is-layout-constrained\">\n<div class=\"wp-block-group is-nowrap is-layout-flex wp-container-core-group-is-layout-64fa2afa wp-block-group-is-layout-flex\" style=\"padding-top:0;padding-right:0;padding-bottom:0;padding-left:0\">\n<figure class=\"wp-block-image size-large ext-aspect-landscape wp-duotone-primary-foreground\"><img decoding=\"async\" src=\"data:image\/svg+xml;base64,PHN2ZyB4bWxucz0iaHR0cDovL3d3dy53My5vcmcvMjAwMC9zdmciIHdpZHRoPSI0OCIgaGVpZ2h0PSI0OCIgZmlsbD0iIzAwMDAwMCIgdmlld0JveD0iMCAwIDI1NiAyNTYiPjxwYXRoIGQ9Ik0xNzIsNzZhNDQsNDQsMCwxLDAtNDQsNDRBNDQuMDUsNDQuMDUsMCwwLDAsMTcyLDc2Wm0tNDQsMjhhMjgsMjgsMCwxLDEsMjgtMjhBMjgsMjgsMCwwLDEsMTI4LDEwNFptNjAsMjRhNDQsNDQsMCwxLDAsNDQsNDRBNDQuMDUsNDQuMDUsMCwwLDAsMTg4LDEyOFptMCw3MmEyOCwyOCwwLDEsMSwyOC0yOEEyOCwyOCwwLDAsMSwxODgsMjAwWk02OCwxMjhhNDQsNDQsMCwxLDAsNDQsNDRBNDQuMDUsNDQuMDUsMCwwLDAsNjgsMTI4Wm0wLDcyYTI4LDI4LDAsMSwxLDI4LTI4QTI4LDI4LDAsMCwxLDY4LDIwMFoiPjwvcGF0aD48L3N2Zz4=\" alt=\"\" style=\"object-fit:cover\"\/><\/figure>\n\n\n\n<div class=\"wp-block-group wp-container-content-958eb9dc has-global-padding is-layout-constrained wp-container-core-group-is-layout-c06d165c wp-block-group-is-layout-constrained\" style=\"padding-top:0;padding-right:0;padding-bottom:0;padding-left:0\">\n<h3 class=\"wp-block-heading\">Visibilidad de la cartera<\/h3>\n\n\n\n<p>Acceda a una vista consolidada de m\u00faltiples proyectos en un solo lugar, lo que facilita la comprensi\u00f3n del progreso, las prioridades, los plazos y los entregables cr\u00edticos de toda la cartera de AFFINITY.<\/p>\n<\/div>\n<\/div>\n<\/div>\n<\/div>\n\n\n\n<div class=\"wp-block-group is-style-ext-preset--group--natural-1--item-card-1--align-start ext-animate--on has-global-padding is-layout-constrained wp-block-group-is-layout-constrained is-style-ext-preset--group--natural-1--item-card-1--align-start--8\">\n<div class=\"wp-block-group is-style-default has-global-padding is-layout-constrained wp-block-group-is-layout-constrained\">\n<div class=\"wp-block-group is-nowrap is-layout-flex wp-container-core-group-is-layout-64fa2afa wp-block-group-is-layout-flex\" style=\"padding-top:0;padding-right:0;padding-bottom:0;padding-left:0\">\n<figure class=\"wp-block-image size-large ext-aspect-landscape wp-duotone-primary-foreground\"><img decoding=\"async\" src=\"data:image\/svg+xml;base64,PHN2ZyB4bWxucz0iaHR0cDovL3d3dy53My5vcmcvMjAwMC9zdmciIHdpZHRoPSI0OCIgaGVpZ2h0PSI0OCIgZmlsbD0iIzAwMDAwMCIgdmlld0JveD0iMCAwIDI1NiAyNTYiPjxwYXRoIGQ9Ik04MCw0MGE0MCw0MCwwLDEsMCw0MCw0MEE0MCw0MCwwLDAsMCw4MCw0MFptMCw2NGEyNCwyNCwwLDEsMSwyNC0yNEEyNCwyNCwwLDAsMSw4MCwxMDRabTk2LDE2YTQwLDQwLDAsMSwwLTQwLTQwQTQwLDQwLDAsMCwwLDE3NiwxMjBabTAtNjRhMjQsMjQsMCwxLDEtMjQsMjRBMjQsMjQsMCwwLDEsMTc2LDU2Wk04MCwxMzZhNDAsNDAsMCwxLDAsNDAsNDBBNDAsNDAsMCwwLDAsODAsMTM2Wm0wLDY0YTI0LDI0LDAsMSwxLDI0LTI0QTI0LDI0LDAsMCwxLDgwLDIwMFptOTYtNjRhNDAsNDAsMCwxLDAsNDAsNDBBNDAsNDAsMCwwLDAsMTc2LDEzNlptMCw2NGEyNCwyNCwwLDEsMSwyNC0yNEEyNCwyNCwwLDAsMSwxNzYsMjAwWiI+PC9wYXRoPjwvc3ZnPg==\" alt=\"\" style=\"object-fit:cover\"\/><\/figure>\n\n\n\n<div class=\"wp-block-group wp-container-content-958eb9dc has-global-padding is-layout-constrained wp-container-core-group-is-layout-c06d165c wp-block-group-is-layout-constrained\" style=\"padding-top:0;padding-right:0;padding-bottom:0;padding-left:0\">\n<h3 class=\"wp-block-heading\">Seguimiento de hitos y tareas<\/h3>\n\n\n\n<p>Realice un seguimiento de los hitos clave, las tareas activas, las acciones pendientes y las fechas de finalizaci\u00f3n previstas mediante un flujo de trabajo estructurado que facilita un seguimiento oportuno y una mayor responsabilidad.<\/p>\n<\/div>\n<\/div>\n<\/div>\n<\/div>\n\n\n\n<div class=\"wp-block-group is-style-ext-preset--group--natural-1--item-card-1--align-start ext-animate--on has-global-padding is-layout-constrained wp-block-group-is-layout-constrained is-style-ext-preset--group--natural-1--item-card-1--align-start--9\">\n<div class=\"wp-block-group is-style-default has-global-padding is-layout-constrained wp-block-group-is-layout-constrained\">\n<div class=\"wp-block-group is-nowrap is-layout-flex wp-container-core-group-is-layout-64fa2afa wp-block-group-is-layout-flex\" style=\"padding-top:0;padding-right:0;padding-bottom:0;padding-left:0\">\n<figure class=\"wp-block-image size-large ext-aspect-landscape wp-duotone-primary-foreground\"><img decoding=\"async\" src=\"data:image\/svg+xml;base64,PHN2ZyB4bWxucz0iaHR0cDovL3d3dy53My5vcmcvMjAwMC9zdmciIHdpZHRoPSI0OCIgaGVpZ2h0PSI0OCIgZmlsbD0iIzAwMDAwMCIgdmlld0JveD0iMCAwIDI1NiAyNTYiPjxwYXRoIGQ9Ik04MCw0MGE0MCw0MCwwLDEsMCw0MCw0MEE0MCw0MCwwLDAsMCw4MCw0MFptMCw2NGEyNCwyNCwwLDEsMSwyNC0yNEEyNCwyNCwwLDAsMSw4MCwxMDRabTk2LDE2YTQwLDQwLDAsMSwwLTQwLTQwQTQwLDQwLDAsMCwwLDE3NiwxMjBabTAtNjRhMjQsMjQsMCwxLDEtMjQsMjRBMjQsMjQsMCwwLDEsMTc2LDU2Wk04MCwxMzZhNDAsNDAsMCwxLDAsNDAsNDBBNDAsNDAsMCwwLDAsODAsMTM2Wm0wLDY0YTI0LDI0LDAsMSwxLDI0LTI0QTI0LDI0LDAsMCwxLDgwLDIwMFptMTM2LTI0YTgsOCwwLDAsMS04LDhIMTg0djI0YTgsOCwwLDAsMS0xNiwwVjE4NEgxNDRhOCw4LDAsMCwxLDAtMTZoMjRWMTQ0YTgsOCwwLDAsMSwxNiwwdjI0aDI0QTgsOCwwLDAsMSwyMTYsMTc2WiI+PC9wYXRoPjwvc3ZnPg==\" alt=\"\" style=\"object-fit:cover\"\/><\/figure>\n\n\n\n<div class=\"wp-block-group wp-container-content-958eb9dc has-global-padding is-layout-constrained wp-container-core-group-is-layout-c06d165c wp-block-group-is-layout-constrained\" style=\"padding-top:0;padding-right:0;padding-bottom:0;padding-left:0\">\n<h3 class=\"wp-block-heading\">Integraci\u00f3n de documentos y flujos de trabajo<\/h3>\n\n\n\n<p>Conecte los datos operativos de Planner a las listas de SharePoint, automatice las actualizaciones mediante Power Automate y mantenga un entorno de gesti\u00f3n de proyectos m\u00e1s organizado y trazable.<\/p>\n<\/div>\n<\/div>\n<\/div>\n<\/div>\n<\/div>\n<\/div>\n<\/div>\n\n\n\n<div class=\"wp-block-group alignfull is-style-ext-preset--group--natural-1--section has-background-background-color has-background has-global-padding is-layout-constrained wp-container-core-group-is-layout-e955bbaf wp-block-group-is-layout-constrained is-style-ext-preset--group--natural-1--section--10\" style=\"margin-top:0;margin-bottom:0;padding-top:var(--wp--preset--spacing--70);padding-bottom:var(--wp--preset--spacing--70)\">\n<h2 class=\"wp-block-heading has-text-align-center ext-animate--on\">An\u00e1lisis e informes ejecutivos<\/h2>\n\n\n\n<p class=\"has-text-align-center ext-animate--on\" style=\"margin-top:1.5rem\">Transforme la actividad del proyecto en paneles de control significativos y conocimientos de inteligencia empresarial que respalden el monitoreo del desempe\u00f1o, la identificaci\u00f3n de riesgos y las decisiones informadas de los l\u00edderes.<\/p>\n\n\n\n<div class=\"wp-block-columns alignwide are-vertically-aligned-center is-layout-flex wp-container-core-columns-is-layout-174606dc wp-block-columns-is-layout-flex\">\n<div class=\"wp-block-column is-vertically-aligned-center ext-animate--on is-layout-flow wp-block-column-is-layout-flow\">\n<h3 class=\"wp-block-heading ext-animate--on\">Acceso privado y controlado<\/h3>\n\n\n\n<p class=\"ext-animate--on\" style=\"margin-top:1.5rem\">Proporcione un sitio interno seguro donde los usuarios autorizados puedan acceder a la informaci\u00f3n de la cartera, revisar el estado de los proyectos e interactuar con datos centralizados en un entorno controlado.<\/p>\n<\/div>\n\n\n\n<div class=\"wp-block-column is-vertically-aligned-center ext-animate--on is-layout-flow wp-block-column-is-layout-flow\">\n<figure class=\"wp-block-image is-style-ext-preset--image--natural-1--image-1--content-left is-style-ext-preset--image--natural-1--image-1--content-left--11\"><img loading=\"lazy\" decoding=\"async\" width=\"1280\" height=\"1828\" src=\"https:\/\/affinitypmo.online\/wp-content\/uploads\/2026\/02\/2b783ce0fcce64ff67550eff598174e761599f21.jpg\" alt=\"\" class=\"wp-image-59\" style=\"aspect-ratio:4\/3;object-fit:cover\" srcset=\"https:\/\/affinitypmo.online\/wp-content\/uploads\/2026\/02\/2b783ce0fcce64ff67550eff598174e761599f21.jpg 1280w, https:\/\/affinitypmo.online\/wp-content\/uploads\/2026\/02\/2b783ce0fcce64ff67550eff598174e761599f21-210x300.jpg 210w, https:\/\/affinitypmo.online\/wp-content\/uploads\/2026\/02\/2b783ce0fcce64ff67550eff598174e761599f21-717x1024.jpg 717w, https:\/\/affinitypmo.online\/wp-content\/uploads\/2026\/02\/2b783ce0fcce64ff67550eff598174e761599f21-768x1097.jpg 768w, https:\/\/affinitypmo.online\/wp-content\/uploads\/2026\/02\/2b783ce0fcce64ff67550eff598174e761599f21-1076x1536.jpg 1076w, https:\/\/affinitypmo.online\/wp-content\/uploads\/2026\/02\/2b783ce0fcce64ff67550eff598174e761599f21-8x12.jpg 8w\" sizes=\"auto, (max-width: 1280px) 100vw, 1280px\" \/><\/figure>\n<\/div>\n<\/div>\n\n\n\n<div class=\"wp-block-columns alignwide are-vertically-aligned-center is-layout-flex wp-container-core-columns-is-layout-ed161d23 wp-block-columns-is-layout-flex\" style=\"margin-top:var(--wp--preset--spacing--50)\">\n<div class=\"wp-block-column is-vertically-aligned-center ext-animate--on is-layout-flow wp-block-column-is-layout-flow\">\n<figure class=\"wp-block-image is-style-ext-preset--image--natural-1--image-1--content-right is-style-ext-preset--image--natural-1--image-1--content-right--12\"><img loading=\"lazy\" decoding=\"async\" width=\"1280\" height=\"1920\" src=\"https:\/\/affinitypmo.online\/wp-content\/uploads\/2026\/02\/36a54e0622f55fe74c283ea0fec349967e420444.jpg\" alt=\"\" class=\"wp-image-60\" style=\"aspect-ratio:4\/3;object-fit:cover\" srcset=\"https:\/\/affinitypmo.online\/wp-content\/uploads\/2026\/02\/36a54e0622f55fe74c283ea0fec349967e420444.jpg 1280w, https:\/\/affinitypmo.online\/wp-content\/uploads\/2026\/02\/36a54e0622f55fe74c283ea0fec349967e420444-200x300.jpg 200w, https:\/\/affinitypmo.online\/wp-content\/uploads\/2026\/02\/36a54e0622f55fe74c283ea0fec349967e420444-683x1024.jpg 683w, https:\/\/affinitypmo.online\/wp-content\/uploads\/2026\/02\/36a54e0622f55fe74c283ea0fec349967e420444-768x1152.jpg 768w, https:\/\/affinitypmo.online\/wp-content\/uploads\/2026\/02\/36a54e0622f55fe74c283ea0fec349967e420444-1024x1536.jpg 1024w, https:\/\/affinitypmo.online\/wp-content\/uploads\/2026\/02\/36a54e0622f55fe74c283ea0fec349967e420444-8x12.jpg 8w\" sizes=\"auto, (max-width: 1280px) 100vw, 1280px\" \/><\/figure>\n<\/div>\n\n\n\n<div class=\"wp-block-column is-vertically-aligned-center ext-animate--on is-layout-flow wp-block-column-is-layout-flow\">\n<h3 class=\"wp-block-heading ext-animate--on\">Coordinaci\u00f3n entre proyectos<\/h3>\n\n\n\n<p class=\"ext-animate--on\" style=\"margin-top:1.5rem\">Fomenta una mejor coordinaci\u00f3n entre equipos, departamentos y jefes de proyecto proporcionando una visi\u00f3n compartida de las responsabilidades, las dependencias y el movimiento general de la cartera.<\/p>\n<\/div>\n<\/div>\n\n\n\n<div class=\"wp-block-columns alignwide are-vertically-aligned-center is-layout-flex wp-container-core-columns-is-layout-ed161d23 wp-block-columns-is-layout-flex\" style=\"margin-top:var(--wp--preset--spacing--50)\">\n<div class=\"wp-block-column is-vertically-aligned-center ext-animate--on is-layout-flow wp-block-column-is-layout-flow\">\n<h3 class=\"wp-block-heading ext-animate--on\">Apoyo a la toma de decisiones basado en datos<\/h3>\n\n\n\n<p class=\"ext-animate--on\" style=\"margin-top:1.5rem\">Permita que los l\u00edderes tomen decisiones m\u00e1s r\u00e1pidas y fundamentadas utilizando datos de proyectos centralizados, an\u00e1lisis de tendencias e indicadores de rendimiento presentados en un formato claro y pr\u00e1ctico.<\/p>\n<\/div>\n\n\n\n<div class=\"wp-block-column is-vertically-aligned-center ext-animate--on is-layout-flow wp-block-column-is-layout-flow\">\n<figure class=\"wp-block-image is-style-ext-preset--image--natural-1--image-1--content-left is-style-ext-preset--image--natural-1--image-1--content-left--13\"><img loading=\"lazy\" decoding=\"async\" width=\"1280\" height=\"1920\" src=\"https:\/\/affinitypmo.online\/wp-content\/uploads\/2026\/02\/cc2297ed0d976c37cbd460dfe1eedc430439fd68.jpg\" alt=\"\" class=\"wp-image-61\" style=\"aspect-ratio:4\/3;object-fit:cover\" srcset=\"https:\/\/affinitypmo.online\/wp-content\/uploads\/2026\/02\/cc2297ed0d976c37cbd460dfe1eedc430439fd68.jpg 1280w, https:\/\/affinitypmo.online\/wp-content\/uploads\/2026\/02\/cc2297ed0d976c37cbd460dfe1eedc430439fd68-200x300.jpg 200w, https:\/\/affinitypmo.online\/wp-content\/uploads\/2026\/02\/cc2297ed0d976c37cbd460dfe1eedc430439fd68-683x1024.jpg 683w, https:\/\/affinitypmo.online\/wp-content\/uploads\/2026\/02\/cc2297ed0d976c37cbd460dfe1eedc430439fd68-768x1152.jpg 768w, https:\/\/affinitypmo.online\/wp-content\/uploads\/2026\/02\/cc2297ed0d976c37cbd460dfe1eedc430439fd68-1024x1536.jpg 1024w, https:\/\/affinitypmo.online\/wp-content\/uploads\/2026\/02\/cc2297ed0d976c37cbd460dfe1eedc430439fd68-8x12.jpg 8w\" sizes=\"auto, (max-width: 1280px) 100vw, 1280px\" \/><\/figure>\n<\/div>\n<\/div>\n\n\n\n<div class=\"wp-block-buttons ext-animate--on is-content-justification-center is-layout-flex wp-container-core-buttons-is-layout-a89b3969 wp-block-buttons-is-layout-flex\">\n<div class=\"wp-block-button is-style-ext-preset--button--natural-1--button-1 is-style-ext-preset--button--natural-1--button-1--14\"><a class=\"wp-block-button__link wp-element-button\" href=\"https:\/\/affinitypmo.online\/es\/cartera\/\">M\u00e1s informaci\u00f3n<\/a><\/div>\n<\/div>\n<\/div>","protected":false},"excerpt":{"rendered":"<p>AFFINITY_PMO_HUB Private site to view the full portfolio of AFFINITY projects in one place. Data comes from Planner entries, flows into SharePoint lists, is processed through Power Automate, and is presented as analytics in Power BI. Centralized Project Portfolio Oversight Gain a complete view of AFFINITY projects in one private environment designed to improve visibility, [&hellip;]<\/p>\n","protected":false},"author":1,"featured_media":0,"parent":0,"menu_order":0,"comment_status":"closed","ping_status":"closed","template":"page-with-title","meta":{"footnotes":""},"class_list":["post-22","page","type-page","status-publish","hentry"],"_links":{"self":[{"href":"https:\/\/affinitypmo.online\/es\/wp-json\/wp\/v2\/pages\/22","targetHints":{"allow":["GET"]}}],"collection":[{"href":"https:\/\/affinitypmo.online\/es\/wp-json\/wp\/v2\/pages"}],"about":[{"href":"https:\/\/affinitypmo.online\/es\/wp-json\/wp\/v2\/types\/page"}],"author":[{"embeddable":true,"href":"https:\/\/affinitypmo.online\/es\/wp-json\/wp\/v2\/users\/1"}],"replies":[{"embeddable":true,"href":"https:\/\/affinitypmo.online\/es\/wp-json\/wp\/v2\/comments?post=22"}],"version-history":[{"count":23,"href":"https:\/\/affinitypmo.online\/es\/wp-json\/wp\/v2\/pages\/22\/revisions"}],"predecessor-version":[{"id":125,"href":"https:\/\/affinitypmo.online\/es\/wp-json\/wp\/v2\/pages\/22\/revisions\/125"}],"wp:attachment":[{"href":"https:\/\/affinitypmo.online\/es\/wp-json\/wp\/v2\/media?parent=22"}],"curies":[{"name":"wp","href":"https:\/\/api.w.org\/{rel}","templated":true}]}}